{"id":89,"date":"2025-08-04T16:38:52","date_gmt":"2025-08-04T14:38:52","guid":{"rendered":"https:\/\/www.reveparisien.com\/?page_id=89"},"modified":"2025-08-04T16:38:52","modified_gmt":"2025-08-04T14:38:52","slug":"gestion-des-cookies","status":"publish","type":"page","link":"https:\/\/www.reveparisien.com\/es\/gestion-des-cookies\/","title":{"rendered":"Gesti\u00f3n de cookies"},"content":{"rendered":"<p>[cmplz-document type=\u00a0\u00bbcookie-statement\u00a0\u00bb region=\u00a0\u00bbeu\u00a0\u00bb]<\/p>\n","protected":false},"excerpt":{"rendered":"<p>[cmplz-document type=\u00a0\u00bbcookie-statement\u00a0\u00bb region=\u00a0\u00bbeu\u00a0\u00bb]<\/p>\n","protected":false},"author":1,"featured_media":0,"parent":0,"menu_order":0,"comment_status":"closed","ping_status":"closed","template":"","meta":{"_acf_changed":false,"iawp_total_views":0,"footnotes":""},"class_list":["post-89","page","type-page","status-publish","hentry"],"acf":[],"yoast_head":"<!-- This site is optimized with the Yoast SEO plugin v27.5 - https:\/\/yoast.com\/product\/yoast-seo-wordpress\/ -->\n<title>Gestion des cookies - R\u00eave Parisien<\/title>\n<meta name=\"robots\" content=\"index, follow, max-snippet:-1, max-image-preview:large, max-video-preview:-1\" \/>\n<link rel=\"canonical\" href=\"https:\/\/www.reveparisien.com\/es\/gestion-des-cookies\/\" \/>\n<meta property=\"og:locale\" content=\"es_ES\" \/>\n<meta property=\"og:type\" content=\"article\" \/>\n<meta property=\"og:title\" content=\"Gestion des cookies - R\u00eave Parisien\" \/>\n<meta property=\"og:description\" content=\"[cmplz-document type=\u00a0\u00bbcookie-statement\u00a0\u00bb region=\u00a0\u00bbeu\u00a0\u00bb]\" \/>\n<meta property=\"og:url\" content=\"https:\/\/www.reveparisien.com\/es\/gestion-des-cookies\/\" \/>\n<meta property=\"og:site_name\" content=\"R\u00eave Parisien\" \/>\n<meta name=\"twitter:card\" content=\"summary_large_image\" \/>\n<script type=\"application\/ld+json\" class=\"yoast-schema-graph\">{\"@context\":\"https:\\\/\\\/schema.org\",\"@graph\":[{\"@type\":\"WebPage\",\"@id\":\"https:\\\/\\\/www.reveparisien.com\\\/gestion-des-cookies\\\/\",\"url\":\"https:\\\/\\\/www.reveparisien.com\\\/gestion-des-cookies\\\/\",\"name\":\"Gestion des cookies - R\u00eave Parisien\",\"isPartOf\":{\"@id\":\"https:\\\/\\\/www.reveparisien.com\\\/#website\"},\"datePublished\":\"2025-08-04T14:38:52+00:00\",\"breadcrumb\":{\"@id\":\"https:\\\/\\\/www.reveparisien.com\\\/gestion-des-cookies\\\/#breadcrumb\"},\"inLanguage\":\"es\",\"potentialAction\":[{\"@type\":\"ReadAction\",\"target\":[\"https:\\\/\\\/www.reveparisien.com\\\/gestion-des-cookies\\\/\"]}]},{\"@type\":\"BreadcrumbList\",\"@id\":\"https:\\\/\\\/www.reveparisien.com\\\/gestion-des-cookies\\\/#breadcrumb\",\"itemListElement\":[{\"@type\":\"ListItem\",\"position\":1,\"name\":\"Accueil\",\"item\":\"https:\\\/\\\/www.reveparisien.com\\\/\"},{\"@type\":\"ListItem\",\"position\":2,\"name\":\"Gestion des cookies\"}]},{\"@type\":\"WebSite\",\"@id\":\"https:\\\/\\\/www.reveparisien.com\\\/#website\",\"url\":\"https:\\\/\\\/www.reveparisien.com\\\/\",\"name\":\"R\u00eave Parisien\",\"description\":\"La Ville Lumi\u00e8re comme vous l&#039;avez toujours r\u00eav\u00e9e\",\"publisher\":{\"@id\":\"https:\\\/\\\/www.reveparisien.com\\\/#organization\"},\"potentialAction\":[{\"@type\":\"SearchAction\",\"target\":{\"@type\":\"EntryPoint\",\"urlTemplate\":\"https:\\\/\\\/www.reveparisien.com\\\/?s={search_term_string}\"},\"query-input\":{\"@type\":\"PropertyValueSpecification\",\"valueRequired\":true,\"valueName\":\"search_term_string\"}}],\"inLanguage\":\"es\"},{\"@type\":\"Organization\",\"@id\":\"https:\\\/\\\/www.reveparisien.com\\\/#organization\",\"name\":\"R\u00eave Parisien\",\"url\":\"https:\\\/\\\/www.reveparisien.com\\\/\",\"logo\":{\"@type\":\"ImageObject\",\"inLanguage\":\"es\",\"@id\":\"https:\\\/\\\/www.reveparisien.com\\\/#\\\/schema\\\/logo\\\/image\\\/\",\"url\":\"https:\\\/\\\/www.reveparisien.com\\\/wp-content\\\/uploads\\\/2023\\\/01\\\/Logo-Reve-Parisien.png\",\"contentUrl\":\"https:\\\/\\\/www.reveparisien.com\\\/wp-content\\\/uploads\\\/2023\\\/01\\\/Logo-Reve-Parisien.png\",\"width\":2207,\"height\":2204,\"caption\":\"R\u00eave Parisien\"},\"image\":{\"@id\":\"https:\\\/\\\/www.reveparisien.com\\\/#\\\/schema\\\/logo\\\/image\\\/\"}}]}<\/script>\n<!-- \/ Yoast SEO plugin. -->","yoast_head_json":{"title":"Gestion des cookies - R\u00eave Parisien","robots":{"index":"index","follow":"follow","max-snippet":"max-snippet:-1","max-image-preview":"max-image-preview:large","max-video-preview":"max-video-preview:-1"},"canonical":"https:\/\/www.reveparisien.com\/es\/gestion-des-cookies\/","og_locale":"es_ES","og_type":"article","og_title":"Gestion des cookies - R\u00eave Parisien","og_description":"[cmplz-document type=\u00a0\u00bbcookie-statement\u00a0\u00bb region=\u00a0\u00bbeu\u00a0\u00bb]","og_url":"https:\/\/www.reveparisien.com\/es\/gestion-des-cookies\/","og_site_name":"R\u00eave Parisien","twitter_card":"summary_large_image","schema":{"@context":"https:\/\/schema.org","@graph":[{"@type":"WebPage","@id":"https:\/\/www.reveparisien.com\/gestion-des-cookies\/","url":"https:\/\/www.reveparisien.com\/gestion-des-cookies\/","name":"Gestion des cookies - R\u00eave Parisien","isPartOf":{"@id":"https:\/\/www.reveparisien.com\/#website"},"datePublished":"2025-08-04T14:38:52+00:00","breadcrumb":{"@id":"https:\/\/www.reveparisien.com\/gestion-des-cookies\/#breadcrumb"},"inLanguage":"es","potentialAction":[{"@type":"ReadAction","target":["https:\/\/www.reveparisien.com\/gestion-des-cookies\/"]}]},{"@type":"BreadcrumbList","@id":"https:\/\/www.reveparisien.com\/gestion-des-cookies\/#breadcrumb","itemListElement":[{"@type":"ListItem","position":1,"name":"Accueil","item":"https:\/\/www.reveparisien.com\/"},{"@type":"ListItem","position":2,"name":"Gestion des cookies"}]},{"@type":"WebSite","@id":"https:\/\/www.reveparisien.com\/#website","url":"https:\/\/www.reveparisien.com\/","name":"R\u00eave Parisien","description":"La Ville Lumi\u00e8re comme vous l&#039;avez toujours r\u00eav\u00e9e","publisher":{"@id":"https:\/\/www.reveparisien.com\/#organization"},"potentialAction":[{"@type":"SearchAction","target":{"@type":"EntryPoint","urlTemplate":"https:\/\/www.reveparisien.com\/?s={search_term_string}"},"query-input":{"@type":"PropertyValueSpecification","valueRequired":true,"valueName":"search_term_string"}}],"inLanguage":"es"},{"@type":"Organization","@id":"https:\/\/www.reveparisien.com\/#organization","name":"R\u00eave Parisien","url":"https:\/\/www.reveparisien.com\/","logo":{"@type":"ImageObject","inLanguage":"es","@id":"https:\/\/www.reveparisien.com\/#\/schema\/logo\/image\/","url":"https:\/\/www.reveparisien.com\/wp-content\/uploads\/2023\/01\/Logo-Reve-Parisien.png","contentUrl":"https:\/\/www.reveparisien.com\/wp-content\/uploads\/2023\/01\/Logo-Reve-Parisien.png","width":2207,"height":2204,"caption":"R\u00eave Parisien"},"image":{"@id":"https:\/\/www.reveparisien.com\/#\/schema\/logo\/image\/"}}]}},"_links":{"self":[{"href":"https:\/\/www.reveparisien.com\/es\/wp-json\/wp\/v2\/pages\/89","targetHints":{"allow":["GET"]}}],"collection":[{"href":"https:\/\/www.reveparisien.com\/es\/wp-json\/wp\/v2\/pages"}],"about":[{"href":"https:\/\/www.reveparisien.com\/es\/wp-json\/wp\/v2\/types\/page"}],"author":[{"embeddable":true,"href":"https:\/\/www.reveparisien.com\/es\/wp-json\/wp\/v2\/users\/1"}],"replies":[{"embeddable":true,"href":"https:\/\/www.reveparisien.com\/es\/wp-json\/wp\/v2\/comments?post=89"}],"version-history":[{"count":1,"href":"https:\/\/www.reveparisien.com\/es\/wp-json\/wp\/v2\/pages\/89\/revisions"}],"predecessor-version":[{"id":90,"href":"https:\/\/www.reveparisien.com\/es\/wp-json\/wp\/v2\/pages\/89\/revisions\/90"}],"wp:attachment":[{"href":"https:\/\/www.reveparisien.com\/es\/wp-json\/wp\/v2\/media?parent=89"}],"curies":[{"name":"wp","href":"https:\/\/api.w.org\/{rel}","templated":true}]}}