{"id":1919,"date":"2026-04-08T15:07:42","date_gmt":"2026-04-08T13:07:42","guid":{"rendered":"https:\/\/www.reveparisien.com\/?page_id=1919"},"modified":"2026-04-08T15:09:23","modified_gmt":"2026-04-08T13:09:23","slug":"merci","status":"publish","type":"page","link":"https:\/\/www.reveparisien.com\/en\/merci\/","title":{"rendered":"Thank you for your reservation"},"content":{"rendered":"<div data-elementor-type=\"wp-post\" data-elementor-id=\"1919\" class=\"elementor elementor-1919\" data-elementor-post-type=\"page\">\n\t\t\t\t<div class=\"elementor-element elementor-element-d418644 e-flex e-con-boxed e-con e-parent\" data-id=\"d418644\" data-element_type=\"container\" data-e-type=\"container\" data-settings=\"{&quot;background_background&quot;:&quot;classic&quot;}\">\n\t\t\t\t\t<div class=\"e-con-inner\">\n\t\t<div class=\"elementor-element elementor-element-f72c377 e-con-full e-flex e-con e-child\" data-id=\"f72c377\" data-element_type=\"container\" data-e-type=\"container\">\n\t\t\t\t<\/div>\n\t\t\t\t\t<\/div>\n\t\t\t\t<\/div>\n\t\t\t\t<\/div>","protected":false},"excerpt":{"rendered":"","protected":false},"author":1,"featured_media":0,"parent":0,"menu_order":0,"comment_status":"closed","ping_status":"closed","template":"","meta":{"_acf_changed":false,"iawp_total_views":45,"footnotes":""},"class_list":["post-1919","page","type-page","status-publish","hentry"],"acf":[],"yoast_head":"<!-- This site is optimized with the Yoast SEO plugin v27.5 - https:\/\/yoast.com\/product\/yoast-seo-wordpress\/ -->\n<title>Merci pour votre r\u00e9servation - R\u00eave Parisien<\/title>\n<meta name=\"robots\" content=\"index, follow, max-snippet:-1, max-image-preview:large, max-video-preview:-1\" \/>\n<link rel=\"canonical\" href=\"https:\/\/www.reveparisien.com\/en\/merci\/\" \/>\n<meta property=\"og:locale\" content=\"en_GB\" \/>\n<meta property=\"og:type\" content=\"article\" \/>\n<meta property=\"og:title\" content=\"Merci pour votre r\u00e9servation - R\u00eave Parisien\" \/>\n<meta property=\"og:url\" content=\"https:\/\/www.reveparisien.com\/en\/merci\/\" \/>\n<meta property=\"og:site_name\" content=\"R\u00eave Parisien\" \/>\n<meta property=\"article:modified_time\" content=\"2026-04-08T13:09:23+00:00\" \/>\n<meta name=\"twitter:card\" content=\"summary_large_image\" \/>\n<script type=\"application\/ld+json\" class=\"yoast-schema-graph\">{\"@context\":\"https:\\\/\\\/schema.org\",\"@graph\":[{\"@type\":\"WebPage\",\"@id\":\"https:\\\/\\\/www.reveparisien.com\\\/merci\\\/\",\"url\":\"https:\\\/\\\/www.reveparisien.com\\\/merci\\\/\",\"name\":\"Merci pour votre r\u00e9servation - R\u00eave Parisien\",\"isPartOf\":{\"@id\":\"https:\\\/\\\/www.reveparisien.com\\\/#website\"},\"datePublished\":\"2026-04-08T13:07:42+00:00\",\"dateModified\":\"2026-04-08T13:09:23+00:00\",\"breadcrumb\":{\"@id\":\"https:\\\/\\\/www.reveparisien.com\\\/merci\\\/#breadcrumb\"},\"inLanguage\":\"en-GB\",\"potentialAction\":[{\"@type\":\"ReadAction\",\"target\":[\"https:\\\/\\\/www.reveparisien.com\\\/merci\\\/\"]}]},{\"@type\":\"BreadcrumbList\",\"@id\":\"https:\\\/\\\/www.reveparisien.com\\\/merci\\\/#breadcrumb\",\"itemListElement\":[{\"@type\":\"ListItem\",\"position\":1,\"name\":\"Accueil\",\"item\":\"https:\\\/\\\/www.reveparisien.com\\\/\"},{\"@type\":\"ListItem\",\"position\":2,\"name\":\"Merci pour votre r\u00e9servation\"}]},{\"@type\":\"WebSite\",\"@id\":\"https:\\\/\\\/www.reveparisien.com\\\/#website\",\"url\":\"https:\\\/\\\/www.reveparisien.com\\\/\",\"name\":\"R\u00eave Parisien\",\"description\":\"La Ville Lumi\u00e8re comme vous l&#039;avez toujours r\u00eav\u00e9e\",\"publisher\":{\"@id\":\"https:\\\/\\\/www.reveparisien.com\\\/#organization\"},\"potentialAction\":[{\"@type\":\"SearchAction\",\"target\":{\"@type\":\"EntryPoint\",\"urlTemplate\":\"https:\\\/\\\/www.reveparisien.com\\\/?s={search_term_string}\"},\"query-input\":{\"@type\":\"PropertyValueSpecification\",\"valueRequired\":true,\"valueName\":\"search_term_string\"}}],\"inLanguage\":\"en-GB\"},{\"@type\":\"Organization\",\"@id\":\"https:\\\/\\\/www.reveparisien.com\\\/#organization\",\"name\":\"R\u00eave Parisien\",\"url\":\"https:\\\/\\\/www.reveparisien.com\\\/\",\"logo\":{\"@type\":\"ImageObject\",\"inLanguage\":\"en-GB\",\"@id\":\"https:\\\/\\\/www.reveparisien.com\\\/#\\\/schema\\\/logo\\\/image\\\/\",\"url\":\"https:\\\/\\\/www.reveparisien.com\\\/wp-content\\\/uploads\\\/2023\\\/01\\\/Logo-Reve-Parisien.png\",\"contentUrl\":\"https:\\\/\\\/www.reveparisien.com\\\/wp-content\\\/uploads\\\/2023\\\/01\\\/Logo-Reve-Parisien.png\",\"width\":2207,\"height\":2204,\"caption\":\"R\u00eave Parisien\"},\"image\":{\"@id\":\"https:\\\/\\\/www.reveparisien.com\\\/#\\\/schema\\\/logo\\\/image\\\/\"}}]}<\/script>\n<!-- \/ Yoast SEO plugin. -->","yoast_head_json":{"title":"Merci pour votre r\u00e9servation - R\u00eave Parisien","robots":{"index":"index","follow":"follow","max-snippet":"max-snippet:-1","max-image-preview":"max-image-preview:large","max-video-preview":"max-video-preview:-1"},"canonical":"https:\/\/www.reveparisien.com\/en\/merci\/","og_locale":"en_GB","og_type":"article","og_title":"Merci pour votre r\u00e9servation - R\u00eave Parisien","og_url":"https:\/\/www.reveparisien.com\/en\/merci\/","og_site_name":"R\u00eave Parisien","article_modified_time":"2026-04-08T13:09:23+00:00","twitter_card":"summary_large_image","schema":{"@context":"https:\/\/schema.org","@graph":[{"@type":"WebPage","@id":"https:\/\/www.reveparisien.com\/merci\/","url":"https:\/\/www.reveparisien.com\/merci\/","name":"Merci pour votre r\u00e9servation - R\u00eave Parisien","isPartOf":{"@id":"https:\/\/www.reveparisien.com\/#website"},"datePublished":"2026-04-08T13:07:42+00:00","dateModified":"2026-04-08T13:09:23+00:00","breadcrumb":{"@id":"https:\/\/www.reveparisien.com\/merci\/#breadcrumb"},"inLanguage":"en-GB","potentialAction":[{"@type":"ReadAction","target":["https:\/\/www.reveparisien.com\/merci\/"]}]},{"@type":"BreadcrumbList","@id":"https:\/\/www.reveparisien.com\/merci\/#breadcrumb","itemListElement":[{"@type":"ListItem","position":1,"name":"Accueil","item":"https:\/\/www.reveparisien.com\/"},{"@type":"ListItem","position":2,"name":"Merci pour votre r\u00e9servation"}]},{"@type":"WebSite","@id":"https:\/\/www.reveparisien.com\/#website","url":"https:\/\/www.reveparisien.com\/","name":"R\u00eave Parisien","description":"La Ville Lumi\u00e8re comme vous l&#039;avez toujours r\u00eav\u00e9e","publisher":{"@id":"https:\/\/www.reveparisien.com\/#organization"},"potentialAction":[{"@type":"SearchAction","target":{"@type":"EntryPoint","urlTemplate":"https:\/\/www.reveparisien.com\/?s={search_term_string}"},"query-input":{"@type":"PropertyValueSpecification","valueRequired":true,"valueName":"search_term_string"}}],"inLanguage":"en-GB"},{"@type":"Organization","@id":"https:\/\/www.reveparisien.com\/#organization","name":"R\u00eave Parisien","url":"https:\/\/www.reveparisien.com\/","logo":{"@type":"ImageObject","inLanguage":"en-GB","@id":"https:\/\/www.reveparisien.com\/#\/schema\/logo\/image\/","url":"https:\/\/www.reveparisien.com\/wp-content\/uploads\/2023\/01\/Logo-Reve-Parisien.png","contentUrl":"https:\/\/www.reveparisien.com\/wp-content\/uploads\/2023\/01\/Logo-Reve-Parisien.png","width":2207,"height":2204,"caption":"R\u00eave Parisien"},"image":{"@id":"https:\/\/www.reveparisien.com\/#\/schema\/logo\/image\/"}}]}},"_links":{"self":[{"href":"https:\/\/www.reveparisien.com\/en\/wp-json\/wp\/v2\/pages\/1919","targetHints":{"allow":["GET"]}}],"collection":[{"href":"https:\/\/www.reveparisien.com\/en\/wp-json\/wp\/v2\/pages"}],"about":[{"href":"https:\/\/www.reveparisien.com\/en\/wp-json\/wp\/v2\/types\/page"}],"author":[{"embeddable":true,"href":"https:\/\/www.reveparisien.com\/en\/wp-json\/wp\/v2\/users\/1"}],"replies":[{"embeddable":true,"href":"https:\/\/www.reveparisien.com\/en\/wp-json\/wp\/v2\/comments?post=1919"}],"version-history":[{"count":5,"href":"https:\/\/www.reveparisien.com\/en\/wp-json\/wp\/v2\/pages\/1919\/revisions"}],"predecessor-version":[{"id":1932,"href":"https:\/\/www.reveparisien.com\/en\/wp-json\/wp\/v2\/pages\/1919\/revisions\/1932"}],"wp:attachment":[{"href":"https:\/\/www.reveparisien.com\/en\/wp-json\/wp\/v2\/media?parent=1919"}],"curies":[{"name":"wp","href":"https:\/\/api.w.org\/{rel}","templated":true}]}}