{"id":131,"date":"2026-01-21T12:19:34","date_gmt":"2026-01-21T11:19:34","guid":{"rendered":"https:\/\/www.reveparisien.com\/?page_id=131"},"modified":"2026-05-07T17:25:20","modified_gmt":"2026-05-07T15:25:20","slug":"contact","status":"publish","type":"page","link":"https:\/\/www.reveparisien.com\/de\/contact\/","title":{"rendered":"Kontakt"},"content":{"rendered":"\t\t<div data-elementor-type=\"wp-post\" data-elementor-id=\"131\" class=\"elementor elementor-131\" data-elementor-post-type=\"page\">\n\t\t\t\t<div class=\"elementor-element elementor-element-d418644 e-flex e-con-boxed e-con e-parent\" data-id=\"d418644\" data-element_type=\"container\" data-e-type=\"container\" data-settings=\"{&quot;background_background&quot;:&quot;classic&quot;}\">\n\t\t\t\t\t<div class=\"e-con-inner\">\n\t\t<div class=\"elementor-element elementor-element-f72c377 e-con-full e-flex e-con e-child\" data-id=\"f72c377\" data-element_type=\"container\" data-e-type=\"container\">\n\t\t\t\t<div class=\"elementor-element elementor-element-02b9b63 elementor-widget__width-inherit elementor-invisible elementor-widget elementor-widget-heading\" data-id=\"02b9b63\" data-element_type=\"widget\" data-e-type=\"widget\" data-settings=\"{&quot;_animation&quot;:&quot;fadeIn&quot;,&quot;_animation_delay&quot;:200}\" data-widget_type=\"heading.default\">\n\t\t\t\t<div class=\"elementor-widget-container\">\n\t\t\t\t\t<h1 class=\"elementor-heading-title elementor-size-default\">Vous avez une question ?<br> Cherchez vous quelque chose de sp\u00e9cial?<\/h1>\t\t\t\t<\/div>\n\t\t\t\t<\/div>\n\t\t<div class=\"elementor-element elementor-element-cd41266 e-con-full e-flex e-con e-child\" data-id=\"cd41266\" data-element_type=\"container\" data-e-type=\"container\">\n\t\t\t\t<div class=\"elementor-element elementor-element-7519a5a elementor-position-left elementor-vertical-align-middle elementor-position-left elementor-vertical-align-top elementor-widget-tablet__width-inherit elementor-invisible elementor-widget elementor-widget-image-box\" data-id=\"7519a5a\" data-element_type=\"widget\" data-e-type=\"widget\" data-settings=\"{&quot;_animation&quot;:&quot;fadeIn&quot;,&quot;_animation_delay&quot;:500}\" data-widget_type=\"image-box.default\">\n\t\t\t\t<div class=\"elementor-widget-container\">\n\t\t\t\t\t<div class=\"elementor-image-box-wrapper\"><figure class=\"elementor-image-box-img\"><img fetchpriority=\"high\" decoding=\"async\" width=\"385\" height=\"385\" src=\"https:\/\/www.reveparisien.com\/wp-content\/uploads\/2026\/01\/Vincenzo-Coletti-1.png\" class=\"attachment-full size-full wp-image-1130\" alt=\"\" srcset=\"https:\/\/www.reveparisien.com\/wp-content\/uploads\/2026\/01\/Vincenzo-Coletti-1.png 385w, https:\/\/www.reveparisien.com\/wp-content\/uploads\/2026\/01\/Vincenzo-Coletti-1-300x300.png 300w, https:\/\/www.reveparisien.com\/wp-content\/uploads\/2026\/01\/Vincenzo-Coletti-1-150x150.png 150w, https:\/\/www.reveparisien.com\/wp-content\/uploads\/2026\/01\/Vincenzo-Coletti-1-12x12.png 12w\" sizes=\"(max-width: 385px) 100vw, 385px\" \/><\/figure><div class=\"elementor-image-box-content\"><h3 class=\"elementor-image-box-title\">Vincenzo Coletti <\/h3><p class=\"elementor-image-box-description\">Votre guide et fondateur de R\u00eave Parisien<\/p><\/div><\/div>\t\t\t\t<\/div>\n\t\t\t\t<\/div>\n\t\t\t\t<div class=\"elementor-element elementor-element-6617427 elementor-icon-list--layout-traditional elementor-list-item-link-full_width elementor-invisible elementor-widget elementor-widget-icon-list\" data-id=\"6617427\" data-element_type=\"widget\" data-e-type=\"widget\" data-settings=\"{&quot;_animation&quot;:&quot;fadeIn&quot;,&quot;_animation_delay&quot;:400}\" data-widget_type=\"icon-list.default\">\n\t\t\t\t<div class=\"elementor-widget-container\">\n\t\t\t\t\t\t\t<ul class=\"elementor-icon-list-items\">\n\t\t\t\t\t\t\t<li class=\"elementor-icon-list-item\">\n\t\t\t\t\t\t\t\t\t\t\t<span class=\"elementor-icon-list-icon\">\n\t\t\t\t\t\t\t<i aria-hidden=\"true\" class=\"fas fa-check\"><\/i>\t\t\t\t\t\t<\/span>\n\t\t\t\t\t\t\t\t\t\t<span class=\"elementor-icon-list-text\">Connaissance intime de chaque quartier<\/span>\n\t\t\t\t\t\t\t\t\t<\/li>\n\t\t\t\t\t\t\t\t<li class=\"elementor-icon-list-item\">\n\t\t\t\t\t\t\t\t\t\t\t<span class=\"elementor-icon-list-icon\">\n\t\t\t\t\t\t\t<i aria-hidden=\"true\" class=\"fas fa-check\"><\/i>\t\t\t\t\t\t<\/span>\n\t\t\t\t\t\t\t\t\t\t<span class=\"elementor-icon-list-text\">Engagement envers l\u2019excellence et l\u2019authenticit\u00e9<\/span>\n\t\t\t\t\t\t\t\t\t<\/li>\n\t\t\t\t\t\t\t\t<li class=\"elementor-icon-list-item\">\n\t\t\t\t\t\t\t\t\t\t\t<span class=\"elementor-icon-list-icon\">\n\t\t\t\t\t\t\t<i aria-hidden=\"true\" class=\"fas fa-check\"><\/i>\t\t\t\t\t\t<\/span>\n\t\t\t\t\t\t\t\t\t\t<span class=\"elementor-icon-list-text\">Guide form\u00e9 aux plus hauts standards<\/span>\n\t\t\t\t\t\t\t\t\t<\/li>\n\t\t\t\t\t\t<\/ul>\n\t\t\t\t\t\t<\/div>\n\t\t\t\t<\/div>\n\t\t\t\t<\/div>\n\t\t\t\t<div class=\"elementor-element elementor-element-212e372 elementor-widget__width-initial elementor-widget-tablet__width-inherit degrade-orange elementor-button-align-stretch elementor-widget elementor-widget-form\" data-id=\"212e372\" data-element_type=\"widget\" data-e-type=\"widget\" data-settings=\"{&quot;step_next_label&quot;:&quot;Suivant&quot;,&quot;step_previous_label&quot;:&quot;Pr\\u00e9c\\u00e9dent&quot;,&quot;button_width&quot;:&quot;100&quot;,&quot;step_type&quot;:&quot;number_text&quot;,&quot;step_icon_shape&quot;:&quot;circle&quot;}\" data-widget_type=\"form.default\">\n\t\t\t\t<div class=\"elementor-widget-container\">\n\t\t\t\t\t\t\t<form class=\"elementor-form\" method=\"post\" name=\"Nouveau formulaire\" aria-label=\"Nouveau formulaire\">\n\t\t\t<input type=\"hidden\" name=\"post_id\" value=\"131\"\/>\n\t\t\t<input type=\"hidden\" name=\"form_id\" value=\"212e372\"\/>\n\t\t\t<input type=\"hidden\" name=\"referer_title\" value=\"Contact - R\u00eave Parisien\" \/>\n\n\t\t\t\t\t\t\t<input type=\"hidden\" name=\"queried_id\" value=\"131\"\/>\n\t\t\t\n\t\t\t<div class=\"elementor-form-fields-wrapper elementor-labels-above\">\n\t\t\t\t\t\t\t\t<div class=\"elementor-field-type-text elementor-field-group elementor-column elementor-field-group-name elementor-col-50 elementor-field-required elementor-mark-required\">\n\t\t\t\t\t\t\t\t\t\t\t\t<label for=\"form-field-name\" class=\"elementor-field-label\">\n\t\t\t\t\t\t\t\tNom et pr\u00e9nom\t\t\t\t\t\t\t<\/label>\n\t\t\t\t\t\t\t\t\t\t\t\t\t\t<input size=\"1\" type=\"text\" name=\"form_fields[name]\" id=\"form-field-name\" class=\"elementor-field elementor-size-sm  elementor-field-textual\" placeholder=\"Nom et pr\u00e9nom\" required=\"required\">\n\t\t\t\t\t\t\t\t\t\t\t<\/div>\n\t\t\t\t\t\t\t\t<div class=\"elementor-field-type-email elementor-field-group elementor-column elementor-field-group-email elementor-col-50 elementor-field-required elementor-mark-required\">\n\t\t\t\t\t\t\t\t\t\t\t\t<label for=\"form-field-email\" class=\"elementor-field-label\">\n\t\t\t\t\t\t\t\tE-mail\t\t\t\t\t\t\t<\/label>\n\t\t\t\t\t\t\t\t\t\t\t\t\t\t<input size=\"1\" type=\"email\" name=\"form_fields[email]\" id=\"form-field-email\" class=\"elementor-field elementor-size-sm  elementor-field-textual\" placeholder=\"E-mail\" required=\"required\">\n\t\t\t\t\t\t\t\t\t\t\t<\/div>\n\t\t\t\t\t\t\t\t<div class=\"elementor-field-type-tel elementor-field-group elementor-column elementor-field-group-field_fb6749a elementor-col-50 elementor-field-required elementor-mark-required\">\n\t\t\t\t\t\t\t\t\t\t\t\t<label for=\"form-field-field_fb6749a\" class=\"elementor-field-label\">\n\t\t\t\t\t\t\t\tT\u00e9l\u00e9phone\t\t\t\t\t\t\t<\/label>\n\t\t\t\t\t\t\t\t<input size=\"1\" type=\"tel\" name=\"form_fields[field_fb6749a]\" id=\"form-field-field_fb6749a\" class=\"elementor-field elementor-size-sm  elementor-field-textual\" placeholder=\"T\u00e9l\u00e9phone\" required=\"required\" pattern=\"[0-9()#&amp;+*-=.]+\" title=\"Seuls les caract\u00e8res de num\u00e9ros de t\u00e9l\u00e9phone (#, -, *, etc.) sont accept\u00e9s.\">\n\n\t\t\t\t\t\t<\/div>\n\t\t\t\t\t\t\t\t<div class=\"elementor-field-type-text elementor-field-group elementor-column elementor-field-group-field_f2a3a9d elementor-col-50 elementor-field-required elementor-mark-required\">\n\t\t\t\t\t\t\t\t\t\t\t\t<label for=\"form-field-field_f2a3a9d\" class=\"elementor-field-label\">\n\t\t\t\t\t\t\t\tQuel type de projet vous int\u00e9resse ?\t\t\t\t\t\t\t<\/label>\n\t\t\t\t\t\t\t\t\t\t\t\t\t\t<input size=\"1\" type=\"text\" name=\"form_fields[field_f2a3a9d]\" id=\"form-field-field_f2a3a9d\" class=\"elementor-field elementor-size-sm  elementor-field-textual\" placeholder=\"Sujet  du message\" required=\"required\">\n\t\t\t\t\t\t\t\t\t\t\t<\/div>\n\t\t\t\t\t\t\t\t<div class=\"elementor-field-type-textarea elementor-field-group elementor-column elementor-field-group-message elementor-col-100\">\n\t\t\t\t\t\t\t\t\t\t\t\t<label for=\"form-field-message\" class=\"elementor-field-label\">\n\t\t\t\t\t\t\t\tVotre message\t\t\t\t\t\t\t<\/label>\n\t\t\t\t\t\t<textarea class=\"elementor-field-textual elementor-field  elementor-size-sm\" name=\"form_fields[message]\" id=\"form-field-message\" rows=\"4\"><\/textarea>\t\t\t\t<\/div>\n\t\t\t\t\t\t\t\t<div class=\"elementor-field-group elementor-column elementor-field-type-submit elementor-col-100 e-form__buttons\">\n\t\t\t\t\t<button class=\"elementor-button elementor-size-md\" type=\"submit\">\n\t\t\t\t\t\t<span class=\"elementor-button-content-wrapper\">\n\t\t\t\t\t\t\t\t\t\t\t\t\t\t\t\t\t\t\t\t\t\t<span class=\"elementor-button-text\">Envoyer la demande<\/span>\n\t\t\t\t\t\t\t\t\t\t\t\t\t<\/span>\n\t\t\t\t\t<\/button>\n\t\t\t\t<\/div>\n\t\t\t<\/div>\n\t\t<\/form>\n\t\t\t\t\t\t<\/div>\n\t\t\t\t<\/div>\n\t\t\t\t<\/div>\n\t\t\t\t\t<\/div>\n\t\t\t\t<\/div>\n\t\t<div class=\"elementor-element elementor-element-ba61189 e-flex e-con-boxed e-con e-parent\" data-id=\"ba61189\" data-element_type=\"container\" data-e-type=\"container\">\n\t\t\t\t\t<div class=\"e-con-inner\">\n\t\t\t\t\t<\/div>\n\t\t\t\t<\/div>\n\t\t\t\t<\/div>\n\t\t","protected":false},"excerpt":{"rendered":"<p>Vous avez une question ? Cherchez vous quelque chose de sp\u00e9cial? Vincenzo Coletti Votre guide et fondateur de R\u00eave Parisien Connaissance intime de chaque quartier Engagement envers l\u2019excellence et l\u2019authenticit\u00e9 Guide form\u00e9 aux plus hauts standards<\/p>","protected":false},"author":1,"featured_media":1888,"parent":0,"menu_order":0,"comment_status":"closed","ping_status":"closed","template":"","meta":{"_acf_changed":false,"iawp_total_views":259,"footnotes":""},"class_list":["post-131","page","type-page","status-publish","has-post-thumbnail","hentry"],"acf":[],"yoast_head":"<!-- This site is optimized with the Yoast SEO plugin v27.5 - https:\/\/yoast.com\/product\/yoast-seo-wordpress\/ -->\n<title>Contact - R\u00eave Parisien<\/title>\n<meta name=\"robots\" content=\"index, follow, max-snippet:-1, max-image-preview:large, max-video-preview:-1\" \/>\n<link rel=\"canonical\" href=\"https:\/\/www.reveparisien.com\/de\/contact\/\" \/>\n<meta property=\"og:locale\" content=\"de_DE\" \/>\n<meta property=\"og:type\" content=\"article\" \/>\n<meta property=\"og:title\" content=\"Contact - R\u00eave Parisien\" \/>\n<meta property=\"og:description\" content=\"Vous avez une question ? Cherchez vous quelque chose de sp\u00e9cial? Vincenzo Coletti Votre guide et fondateur de R\u00eave Parisien Connaissance intime de chaque quartier Engagement envers l\u2019excellence et l\u2019authenticit\u00e9 Guide form\u00e9 aux plus hauts standards\" \/>\n<meta property=\"og:url\" content=\"https:\/\/www.reveparisien.com\/de\/contact\/\" \/>\n<meta property=\"og:site_name\" content=\"R\u00eave Parisien\" \/>\n<meta property=\"article:modified_time\" content=\"2026-05-07T15:25:20+00:00\" \/>\n<meta property=\"og:image\" content=\"https:\/\/www.reveparisien.com\/wp-content\/uploads\/2026\/02\/dreamstime_xxl_34956037-scaled.jpg\" \/>\n\t<meta property=\"og:image:width\" content=\"2560\" \/>\n\t<meta property=\"og:image:height\" content=\"1707\" \/>\n\t<meta property=\"og:image:type\" content=\"image\/jpeg\" \/>\n<meta name=\"twitter:card\" content=\"summary_large_image\" \/>\n<script type=\"application\/ld+json\" class=\"yoast-schema-graph\">{\"@context\":\"https:\\\/\\\/schema.org\",\"@graph\":[{\"@type\":\"WebPage\",\"@id\":\"https:\\\/\\\/www.reveparisien.com\\\/contact\\\/\",\"url\":\"https:\\\/\\\/www.reveparisien.com\\\/contact\\\/\",\"name\":\"Contact - R\u00eave Parisien\",\"isPartOf\":{\"@id\":\"https:\\\/\\\/www.reveparisien.com\\\/#website\"},\"primaryImageOfPage\":{\"@id\":\"https:\\\/\\\/www.reveparisien.com\\\/contact\\\/#primaryimage\"},\"image\":{\"@id\":\"https:\\\/\\\/www.reveparisien.com\\\/contact\\\/#primaryimage\"},\"thumbnailUrl\":\"https:\\\/\\\/www.reveparisien.com\\\/wp-content\\\/uploads\\\/2026\\\/02\\\/dreamstime_xxl_34956037-scaled.jpg\",\"datePublished\":\"2026-01-21T11:19:34+00:00\",\"dateModified\":\"2026-05-07T15:25:20+00:00\",\"breadcrumb\":{\"@id\":\"https:\\\/\\\/www.reveparisien.com\\\/contact\\\/#breadcrumb\"},\"inLanguage\":\"de\",\"potentialAction\":[{\"@type\":\"ReadAction\",\"target\":[\"https:\\\/\\\/www.reveparisien.com\\\/contact\\\/\"]}]},{\"@type\":\"ImageObject\",\"inLanguage\":\"de\",\"@id\":\"https:\\\/\\\/www.reveparisien.com\\\/contact\\\/#primaryimage\",\"url\":\"https:\\\/\\\/www.reveparisien.com\\\/wp-content\\\/uploads\\\/2026\\\/02\\\/dreamstime_xxl_34956037-scaled.jpg\",\"contentUrl\":\"https:\\\/\\\/www.reveparisien.com\\\/wp-content\\\/uploads\\\/2026\\\/02\\\/dreamstime_xxl_34956037-scaled.jpg\",\"width\":2560,\"height\":1707},{\"@type\":\"BreadcrumbList\",\"@id\":\"https:\\\/\\\/www.reveparisien.com\\\/contact\\\/#breadcrumb\",\"itemListElement\":[{\"@type\":\"ListItem\",\"position\":1,\"name\":\"Accueil\",\"item\":\"https:\\\/\\\/www.reveparisien.com\\\/\"},{\"@type\":\"ListItem\",\"position\":2,\"name\":\"Contact\"}]},{\"@type\":\"WebSite\",\"@id\":\"https:\\\/\\\/www.reveparisien.com\\\/#website\",\"url\":\"https:\\\/\\\/www.reveparisien.com\\\/\",\"name\":\"R\u00eave Parisien\",\"description\":\"La Ville Lumi\u00e8re comme vous l&#039;avez toujours r\u00eav\u00e9e\",\"publisher\":{\"@id\":\"https:\\\/\\\/www.reveparisien.com\\\/#organization\"},\"potentialAction\":[{\"@type\":\"SearchAction\",\"target\":{\"@type\":\"EntryPoint\",\"urlTemplate\":\"https:\\\/\\\/www.reveparisien.com\\\/?s={search_term_string}\"},\"query-input\":{\"@type\":\"PropertyValueSpecification\",\"valueRequired\":true,\"valueName\":\"search_term_string\"}}],\"inLanguage\":\"de\"},{\"@type\":\"Organization\",\"@id\":\"https:\\\/\\\/www.reveparisien.com\\\/#organization\",\"name\":\"R\u00eave Parisien\",\"url\":\"https:\\\/\\\/www.reveparisien.com\\\/\",\"logo\":{\"@type\":\"ImageObject\",\"inLanguage\":\"de\",\"@id\":\"https:\\\/\\\/www.reveparisien.com\\\/#\\\/schema\\\/logo\\\/image\\\/\",\"url\":\"https:\\\/\\\/www.reveparisien.com\\\/wp-content\\\/uploads\\\/2023\\\/01\\\/Logo-Reve-Parisien.png\",\"contentUrl\":\"https:\\\/\\\/www.reveparisien.com\\\/wp-content\\\/uploads\\\/2023\\\/01\\\/Logo-Reve-Parisien.png\",\"width\":2207,\"height\":2204,\"caption\":\"R\u00eave Parisien\"},\"image\":{\"@id\":\"https:\\\/\\\/www.reveparisien.com\\\/#\\\/schema\\\/logo\\\/image\\\/\"}}]}<\/script>\n<!-- \/ Yoast SEO plugin. -->","yoast_head_json":{"title":"Contact - R\u00eave Parisien","robots":{"index":"index","follow":"follow","max-snippet":"max-snippet:-1","max-image-preview":"max-image-preview:large","max-video-preview":"max-video-preview:-1"},"canonical":"https:\/\/www.reveparisien.com\/de\/contact\/","og_locale":"de_DE","og_type":"article","og_title":"Contact - R\u00eave Parisien","og_description":"Vous avez une question ? Cherchez vous quelque chose de sp\u00e9cial? Vincenzo Coletti Votre guide et fondateur de R\u00eave Parisien Connaissance intime de chaque quartier Engagement envers l\u2019excellence et l\u2019authenticit\u00e9 Guide form\u00e9 aux plus hauts standards","og_url":"https:\/\/www.reveparisien.com\/de\/contact\/","og_site_name":"R\u00eave Parisien","article_modified_time":"2026-05-07T15:25:20+00:00","og_image":[{"width":2560,"height":1707,"url":"https:\/\/www.reveparisien.com\/wp-content\/uploads\/2026\/02\/dreamstime_xxl_34956037-scaled.jpg","type":"image\/jpeg"}],"twitter_card":"summary_large_image","schema":{"@context":"https:\/\/schema.org","@graph":[{"@type":"WebPage","@id":"https:\/\/www.reveparisien.com\/contact\/","url":"https:\/\/www.reveparisien.com\/contact\/","name":"Contact - R\u00eave Parisien","isPartOf":{"@id":"https:\/\/www.reveparisien.com\/#website"},"primaryImageOfPage":{"@id":"https:\/\/www.reveparisien.com\/contact\/#primaryimage"},"image":{"@id":"https:\/\/www.reveparisien.com\/contact\/#primaryimage"},"thumbnailUrl":"https:\/\/www.reveparisien.com\/wp-content\/uploads\/2026\/02\/dreamstime_xxl_34956037-scaled.jpg","datePublished":"2026-01-21T11:19:34+00:00","dateModified":"2026-05-07T15:25:20+00:00","breadcrumb":{"@id":"https:\/\/www.reveparisien.com\/contact\/#breadcrumb"},"inLanguage":"de","potentialAction":[{"@type":"ReadAction","target":["https:\/\/www.reveparisien.com\/contact\/"]}]},{"@type":"ImageObject","inLanguage":"de","@id":"https:\/\/www.reveparisien.com\/contact\/#primaryimage","url":"https:\/\/www.reveparisien.com\/wp-content\/uploads\/2026\/02\/dreamstime_xxl_34956037-scaled.jpg","contentUrl":"https:\/\/www.reveparisien.com\/wp-content\/uploads\/2026\/02\/dreamstime_xxl_34956037-scaled.jpg","width":2560,"height":1707},{"@type":"BreadcrumbList","@id":"https:\/\/www.reveparisien.com\/contact\/#breadcrumb","itemListElement":[{"@type":"ListItem","position":1,"name":"Accueil","item":"https:\/\/www.reveparisien.com\/"},{"@type":"ListItem","position":2,"name":"Contact"}]},{"@type":"WebSite","@id":"https:\/\/www.reveparisien.com\/#website","url":"https:\/\/www.reveparisien.com\/","name":"R\u00eave Parisien","description":"La Ville Lumi\u00e8re comme vous l&#039;avez toujours r\u00eav\u00e9e","publisher":{"@id":"https:\/\/www.reveparisien.com\/#organization"},"potentialAction":[{"@type":"SearchAction","target":{"@type":"EntryPoint","urlTemplate":"https:\/\/www.reveparisien.com\/?s={search_term_string}"},"query-input":{"@type":"PropertyValueSpecification","valueRequired":true,"valueName":"search_term_string"}}],"inLanguage":"de"},{"@type":"Organization","@id":"https:\/\/www.reveparisien.com\/#organization","name":"R\u00eave Parisien","url":"https:\/\/www.reveparisien.com\/","logo":{"@type":"ImageObject","inLanguage":"de","@id":"https:\/\/www.reveparisien.com\/#\/schema\/logo\/image\/","url":"https:\/\/www.reveparisien.com\/wp-content\/uploads\/2023\/01\/Logo-Reve-Parisien.png","contentUrl":"https:\/\/www.reveparisien.com\/wp-content\/uploads\/2023\/01\/Logo-Reve-Parisien.png","width":2207,"height":2204,"caption":"R\u00eave Parisien"},"image":{"@id":"https:\/\/www.reveparisien.com\/#\/schema\/logo\/image\/"}}]}},"_links":{"self":[{"href":"https:\/\/www.reveparisien.com\/de\/wp-json\/wp\/v2\/pages\/131","targetHints":{"allow":["GET"]}}],"collection":[{"href":"https:\/\/www.reveparisien.com\/de\/wp-json\/wp\/v2\/pages"}],"about":[{"href":"https:\/\/www.reveparisien.com\/de\/wp-json\/wp\/v2\/types\/page"}],"author":[{"embeddable":true,"href":"https:\/\/www.reveparisien.com\/de\/wp-json\/wp\/v2\/users\/1"}],"replies":[{"embeddable":true,"href":"https:\/\/www.reveparisien.com\/de\/wp-json\/wp\/v2\/comments?post=131"}],"version-history":[{"count":20,"href":"https:\/\/www.reveparisien.com\/de\/wp-json\/wp\/v2\/pages\/131\/revisions"}],"predecessor-version":[{"id":2049,"href":"https:\/\/www.reveparisien.com\/de\/wp-json\/wp\/v2\/pages\/131\/revisions\/2049"}],"wp:featuredmedia":[{"embeddable":true,"href":"https:\/\/www.reveparisien.com\/de\/wp-json\/wp\/v2\/media\/1888"}],"wp:attachment":[{"href":"https:\/\/www.reveparisien.com\/de\/wp-json\/wp\/v2\/media?parent=131"}],"curies":[{"name":"wp","href":"https:\/\/api.w.org\/{rel}","templated":true}]}}