{"id":117,"date":"2025-12-02T14:52:15","date_gmt":"2025-12-02T13:52:15","guid":{"rendered":"https:\/\/www.reveparisien.com\/?page_id=117"},"modified":"2025-12-02T14:52:51","modified_gmt":"2025-12-02T13:52:51","slug":"actualites","status":"publish","type":"page","link":"https:\/\/www.reveparisien.com\/de\/actualites\/","title":{"rendered":"Actualit\u00e9s"},"content":{"rendered":"\t\t<div data-elementor-type=\"wp-page\" data-elementor-id=\"117\" class=\"elementor elementor-117\" data-elementor-post-type=\"page\">\n\t\t\t\t<div class=\"elementor-element elementor-element-f857477 container-large e-flex e-con-boxed e-con e-parent\" data-id=\"f857477\" data-element_type=\"container\" data-e-type=\"container\">\n\t\t\t\t\t<div class=\"e-con-inner\">\n\t\t\t\t<div class=\"elementor-element elementor-element-5ed631f balance elementor-widget-mobile__width-inherit elementor-invisible elementor-widget elementor-widget-heading\" data-id=\"5ed631f\" data-element_type=\"widget\" data-e-type=\"widget\" data-settings=\"{&quot;_animation&quot;:&quot;fadeIn&quot;,&quot;_animation_delay&quot;:200}\" data-widget_type=\"heading.default\">\n\t\t\t\t<div class=\"elementor-widget-container\">\n\t\t\t\t\t<h1 class=\"elementor-heading-title elementor-size-default\">Chroniques <span>photographiques<\/span><\/h1>\t\t\t\t<\/div>\n\t\t\t\t<\/div>\n\t\t\t\t<div class=\"elementor-element elementor-element-9e34567 balance margeless elementor-widget__width-initial elementor-widget-mobile__width-inherit elementor-invisible elementor-widget elementor-widget-text-editor\" data-id=\"9e34567\" data-element_type=\"widget\" data-e-type=\"widget\" data-settings=\"{&quot;_animation_delay&quot;:400,&quot;_animation&quot;:&quot;fadeIn&quot;}\" data-widget_type=\"text-editor.default\">\n\t\t\t\t<div class=\"elementor-widget-container\">\n\t\t\t\t\t\t\t\t\t<p>Je partage ici mes exp\u00e9riences, mes inspirations et ma vision de la photographie. Des r\u00e9cits de s\u00e9ances, des conseils techniques et des r\u00e9flexions sur mon m\u00e9tier.<\/p>\t\t\t\t\t\t\t\t<\/div>\n\t\t\t\t<\/div>\n\t\t\t\t<div class=\"elementor-element elementor-element-6e9d1d5 elementor-widget__width-inherit elementor-invisible elementor-widget elementor-widget-taxonomy-filter\" data-id=\"6e9d1d5\" data-element_type=\"widget\" data-e-type=\"widget\" data-settings=\"{&quot;selected_element&quot;:&quot;c8739b4&quot;,&quot;taxonomy&quot;:&quot;category&quot;,&quot;_animation&quot;:&quot;fadeIn&quot;,&quot;_animation_delay&quot;:600,&quot;item_alignment_horizontal&quot;:&quot;start&quot;,&quot;multiple_selection&quot;:&quot;no&quot;,&quot;horizontal_scroll&quot;:&quot;disable&quot;}\" data-widget_type=\"taxonomy-filter.default\">\n\t\t\t\t<div class=\"elementor-widget-container\">\n\t\t\t\t\t\t\t<search class=\"e-filter\" role=\"search\" data-base-url=\"https:\/\/www.reveparisien.com\/de\/\" data-page-num=\"1\">\n\t\t\t\t\t\t\t<button class=\"e-filter-item\" data-filter=\"uncategorized\" aria-pressed=\"false\">Uncategorized<\/button>\n\t\t\t\n\t\t\t\t\t\t\t\t\t<button class=\"e-filter-item\" data-filter=\"__all\" aria-pressed=\"true\">\n\t\t\t\tTous les articles\t\t\t<\/button>\n\t\t\t\t\t<\/search>\n\t\t\t\t\t\t<\/div>\n\t\t\t\t<\/div>\n\t\t\t\t<div class=\"elementor-element elementor-element-5405e14 elementor-widget__width-inherit elementor-grid-2 blog-grid elementor-grid-tablet-2 elementor-grid-mobile-1 elementor-widget elementor-widget-loop-grid\" data-id=\"5405e14\" data-element_type=\"widget\" data-e-type=\"widget\" data-settings=\"{&quot;template_id&quot;:&quot;112&quot;,&quot;columns&quot;:2,&quot;row_gap&quot;:{&quot;unit&quot;:&quot;px&quot;,&quot;size&quot;:24,&quot;sizes&quot;:[]},&quot;row_gap_tablet&quot;:{&quot;unit&quot;:&quot;px&quot;,&quot;size&quot;:16,&quot;sizes&quot;:[]},&quot;row_gap_mobile&quot;:{&quot;unit&quot;:&quot;px&quot;,&quot;size&quot;:40,&quot;sizes&quot;:[]},&quot;pagination_type&quot;:&quot;load_more_on_click&quot;,&quot;_skin&quot;:&quot;post&quot;,&quot;columns_tablet&quot;:&quot;2&quot;,&quot;columns_mobile&quot;:&quot;1&quot;,&quot;edit_handle_selector&quot;:&quot;[data-elementor-type=\\&quot;loop-item\\&quot;]&quot;,&quot;load_more_spinner&quot;:{&quot;value&quot;:&quot;fas fa-spinner&quot;,&quot;library&quot;:&quot;fa-solid&quot;}}\" data-widget_type=\"loop-grid.post\">\n\t\t\t\t<div class=\"elementor-widget-container\">\n\t\t\t\t\t\t\t<div class=\"elementor-loop-container elementor-grid\" role=\"list\">\n\t\t<style id=\"loop-112\">.elementor-112 .elementor-element.elementor-element-c688380{--display:flex;--flex-direction:row;--container-widget-width:calc( ( 1 - var( --container-widget-flex-grow ) ) * 100% );--container-widget-height:100%;--container-widget-flex-grow:1;--container-widget-align-self:stretch;--flex-wrap-mobile:wrap;--align-items:flex-start;--gap:12px 12px;--row-gap:12px;--column-gap:12px;--flex-wrap:wrap;--padding-top:0px;--padding-bottom:0px;--padding-left:0px;--padding-right:0px;}.elementor-112 .elementor-element.elementor-element-1e54139 img{width:110%;}.elementor-112 .elementor-element.elementor-element-1e54139 > .elementor-widget-container{margin:0px 0px 10px 0px;}.elementor-112 .elementor-element.elementor-element-1e54139{width:100%;max-width:100%;}.elementor-112 .elementor-element.elementor-element-6d2fb16 .elementor-icon-list-icon{width:14px;}.elementor-112 .elementor-element.elementor-element-6d2fb16 .elementor-icon-list-icon i{font-size:14px;}.elementor-112 .elementor-element.elementor-element-6d2fb16 .elementor-icon-list-icon svg{--e-icon-list-icon-size:14px;}.elementor-112 .elementor-element.elementor-element-6d2fb16 .elementor-icon-list-text, .elementor-112 .elementor-element.elementor-element-6d2fb16 .elementor-icon-list-text a{color:var( --e-global-color-secondary );}.elementor-112 .elementor-element.elementor-element-162e1ec .elementor-icon-list-icon{width:14px;}.elementor-112 .elementor-element.elementor-element-162e1ec .elementor-icon-list-icon i{font-size:14px;}.elementor-112 .elementor-element.elementor-element-162e1ec .elementor-icon-list-icon svg{--e-icon-list-icon-size:14px;}.elementor-112 .elementor-element.elementor-element-162e1ec .elementor-icon-list-text, .elementor-112 .elementor-element.elementor-element-162e1ec .elementor-icon-list-text a{color:var( --e-global-color-secondary );}.elementor-112 .elementor-element.elementor-element-162e1ec .elementor-icon-list-item{font-family:var( --e-global-typography-text-font-family ), Sans-serif;font-size:var( --e-global-typography-text-font-size );font-weight:var( --e-global-typography-text-font-weight );text-transform:var( --e-global-typography-text-text-transform );}.elementor-112 .elementor-element.elementor-element-162e1ec.elementor-element{--align-self:center;}.elementor-112 .elementor-element.elementor-element-84b66bf{width:var( --container-widget-width, 90% );max-width:90%;--container-widget-width:90%;--container-widget-flex-grow:0;}.elementor-112 .elementor-element.elementor-element-3a589b5 .elementor-widget-container{color:var( --e-global-color-secondary );}.elementor-112 .elementor-element.elementor-element-3a589b5 a{color:var( --e-global-color-secondary );}.elementor-112 .elementor-element.elementor-element-3a589b5 > .elementor-widget-container{margin:0px 0px 12px 0px;}.elementor-112 .elementor-element.elementor-element-3a589b5{width:var( --container-widget-width, 90% );max-width:90%;--container-widget-width:90%;--container-widget-flex-grow:0;}.elementor-112 .elementor-element.elementor-element-6c84d7a > .elementor-widget-container{padding:12px 24px 12px 24px;background-color:var( --e-global-color-primary );}.elementor-112 .elementor-element.elementor-element-6c84d7a:hover .elementor-widget-container{background-color:var( --e-global-color-secondary );}@media(max-width:1024px){.elementor-112 .elementor-element.elementor-element-c688380{--padding-top:0px;--padding-bottom:0px;--padding-left:0px;--padding-right:0px;}.elementor-112 .elementor-element.elementor-element-162e1ec .elementor-icon-list-item{font-size:var( --e-global-typography-text-font-size );}}@media(min-width:768px){.elementor-112 .elementor-element.elementor-element-c688380{--content-width:100%;}}@media(max-width:767px){.elementor-112 .elementor-element.elementor-element-c688380{--content-width:100%;}.elementor-112 .elementor-element.elementor-element-1e54139 img{height:250px;}.elementor-112 .elementor-element.elementor-element-162e1ec .elementor-icon-list-item{font-size:var( --e-global-typography-text-font-size );}}\/* Start custom CSS for post-info, class: .elementor-element-6d2fb16 *\/.elementor-post-info__terms-list-item {\r\n    padding: 2px 8px 2px 8px;\r\n    border-style: solid;\r\n    border-width: 1px 1px 1px 1px;\r\n    border-color: var(--e-global-color-primary);\r\n    margin-right: 4px;\r\n}\/* End custom CSS *\/<\/style>\t\t<div data-elementor-type=\"loop-item\" data-elementor-id=\"112\" class=\"elementor elementor-112 e-loop-item e-loop-item-1 post-1 post type-post status-publish format-standard hentry category-uncategorized\" data-elementor-post-type=\"elementor_library\" data-custom-edit-handle=\"1\">\n\t\t\t<a class=\"elementor-element elementor-element-c688380 news blog-card e-flex e-con-boxed e-con e-parent\" data-id=\"c688380\" data-element_type=\"container\" data-e-type=\"container\" href=\"https:\/\/www.reveparisien.com\/de\/hello-world\/\">\n\t\t\t\t\t<div class=\"e-con-inner\">\n\t\t\t\t<div class=\"elementor-element elementor-element-6d2fb16 elementor-widget elementor-widget-post-info\" data-id=\"6d2fb16\" data-element_type=\"widget\" data-e-type=\"widget\" data-widget_type=\"post-info.default\">\n\t\t\t\t<div class=\"elementor-widget-container\">\n\t\t\t\t\t\t\t<ul class=\"elementor-inline-items elementor-icon-list-items elementor-post-info\">\n\t\t\t\t\t\t\t\t<li class=\"elementor-icon-list-item elementor-repeater-item-01b4700 elementor-inline-item\" itemprop=\"about\">\n\t\t\t\t\t\t\t\t\t\t\t\t\t<span class=\"elementor-icon-list-text elementor-post-info__item elementor-post-info__item--type-terms\">\n\t\t\t\t\t\t\t\t\t\t<span class=\"elementor-post-info__terms-list\">\n\t\t\t\t<span class=\"elementor-post-info__terms-list-item\">Uncategorized<\/span>\t\t\t\t<\/span>\n\t\t\t\t\t<\/span>\n\t\t\t\t\t\t\t\t<\/li>\n\t\t\t\t<\/ul>\n\t\t\t\t\t\t<\/div>\n\t\t\t\t<\/div>\n\t\t\t\t<div class=\"elementor-element elementor-element-162e1ec elementor-widget elementor-widget-post-info\" data-id=\"162e1ec\" data-element_type=\"widget\" data-e-type=\"widget\" data-widget_type=\"post-info.default\">\n\t\t\t\t<div class=\"elementor-widget-container\">\n\t\t\t\t\t\t\t<ul class=\"elementor-inline-items elementor-icon-list-items elementor-post-info\">\n\t\t\t\t\t\t\t\t<li class=\"elementor-icon-list-item elementor-repeater-item-39325ef elementor-inline-item\" itemprop=\"datePublished\">\n\t\t\t\t\t\t\t\t\t\t\t\t\t<span class=\"elementor-icon-list-text elementor-post-info__item elementor-post-info__item--type-date\">\n\t\t\t\t\t\t\t\t\t\t<time>23 Januar 2023<\/time>\t\t\t\t\t<\/span>\n\t\t\t\t\t\t\t\t<\/li>\n\t\t\t\t<\/ul>\n\t\t\t\t\t\t<\/div>\n\t\t\t\t<\/div>\n\t\t\t\t<div class=\"elementor-element elementor-element-84b66bf elementor-widget__width-initial elementor-widget elementor-widget-heading\" data-id=\"84b66bf\" data-element_type=\"widget\" data-e-type=\"widget\" data-widget_type=\"heading.default\">\n\t\t\t\t<div class=\"elementor-widget-container\">\n\t\t\t\t\t<h3 class=\"elementor-heading-title elementor-size-default\">Hello world!<\/h3>\t\t\t\t<\/div>\n\t\t\t\t<\/div>\n\t\t\t\t<div class=\"elementor-element elementor-element-3a589b5 elementor-widget__width-initial elementor-widget elementor-widget-theme-post-excerpt\" data-id=\"3a589b5\" data-element_type=\"widget\" data-e-type=\"widget\" data-widget_type=\"theme-post-excerpt.default\">\n\t\t\t\t<div class=\"elementor-widget-container\">\n\t\t\t\t\t<p>Welcome to WordPress. This is your first post. Edit or delete it, then start writing!<\/p>...\t\t\t\t<\/div>\n\t\t\t\t<\/div>\n\t\t\t\t<div class=\"elementor-element elementor-element-6c84d7a elementor-widget elementor-widget-heading\" data-id=\"6c84d7a\" data-element_type=\"widget\" data-e-type=\"widget\" data-widget_type=\"heading.default\">\n\t\t\t\t<div class=\"elementor-widget-container\">\n\t\t\t\t\t<p class=\"elementor-heading-title elementor-size-default\">Lire l'article<\/p>\t\t\t\t<\/div>\n\t\t\t\t<\/div>\n\t\t\t\t\t<\/div>\n\t\t\t\t<\/a>\n\t\t\t\t<\/div>\n\t\t\t\t<\/div>\n\t\t\t\t\t<span class=\"e-load-more-spinner\">\n\t\t\t\t<i aria-hidden=\"true\" class=\"fas fa-spinner\"><\/i>\t\t\t<\/span>\n\t\t\n\t\t\t\t\t\t<\/div>\n\t\t\t\t<\/div>\n\t\t\t\t\t<\/div>\n\t\t\t\t<\/div>\n\t\t<div class=\"elementor-element elementor-element-610bbce container-large e-flex e-con-boxed e-con e-parent\" data-id=\"610bbce\" data-element_type=\"container\" data-e-type=\"container\">\n\t\t\t\t\t<div class=\"e-con-inner\">\n\t\t\t\t<div class=\"elementor-element elementor-element-430c0cc balance elementor-widget__width-inherit elementor-invisible elementor-widget elementor-widget-heading\" data-id=\"430c0cc\" data-element_type=\"widget\" data-e-type=\"widget\" data-settings=\"{&quot;_animation&quot;:&quot;fadeIn&quot;,&quot;_animation_delay&quot;:200}\" data-widget_type=\"heading.default\">\n\t\t\t\t<div class=\"elementor-widget-container\">\n\t\t\t\t\t<h2 class=\"elementor-heading-title elementor-size-default\">Offrez-vous des images <span>qui vous ressemblent vraiment.<\/span> \u00c9changeons sur votre projet.<\/h2>\t\t\t\t<\/div>\n\t\t\t\t<\/div>\n\t\t\t\t<div class=\"elementor-element elementor-element-53ee98e elementor-invisible elementor-widget elementor-widget-button\" data-id=\"53ee98e\" data-element_type=\"widget\" data-e-type=\"widget\" data-settings=\"{&quot;_animation&quot;:&quot;fadeIn&quot;,&quot;_animation_delay&quot;:40}\" data-widget_type=\"button.default\">\n\t\t\t\t<div class=\"elementor-widget-container\">\n\t\t\t\t\t\t\t\t\t<div class=\"elementor-button-wrapper\">\n\t\t\t\t\t<a class=\"elementor-button elementor-button-link elementor-size-sm\" href=\"https:\/\/www.cardinal-creation.com\/pascalbrocheton\/contact\/\">\n\t\t\t\t\t\t<span class=\"elementor-button-content-wrapper\">\n\t\t\t\t\t\t\t\t\t<span class=\"elementor-button-text\">ME CONTACTER<\/span>\n\t\t\t\t\t<\/span>\n\t\t\t\t\t<\/a>\n\t\t\t\t<\/div>\n\t\t\t\t\t\t\t\t<\/div>\n\t\t\t\t<\/div>\n\t\t\t\t\t<\/div>\n\t\t\t\t<\/div>\n\t\t\t\t<\/div>\n\t\t","protected":false},"excerpt":{"rendered":"<p>Chroniques photographiques Je partage ici mes exp\u00e9riences, mes inspirations et ma vision de la photographie. Des r\u00e9cits de s\u00e9ances, des conseils techniques et des r\u00e9flexions sur mon m\u00e9tier. Uncategorized Tous les articles Offrez-vous des images qui vous ressemblent vraiment. \u00c9changeons sur votre projet. ME CONTACTER<\/p>","protected":false},"author":1,"featured_media":0,"parent":0,"menu_order":0,"comment_status":"closed","ping_status":"closed","template":"","meta":{"_acf_changed":false,"iawp_total_views":0,"footnotes":""},"class_list":["post-117","page","type-page","status-publish","hentry"],"acf":[],"yoast_head":"<!-- This site is optimized with the Yoast SEO plugin v27.5 - https:\/\/yoast.com\/product\/yoast-seo-wordpress\/ -->\n<title>Actualit\u00e9s - R\u00eave Parisien<\/title>\n<meta name=\"robots\" content=\"index, follow, max-snippet:-1, max-image-preview:large, max-video-preview:-1\" \/>\n<link rel=\"canonical\" href=\"https:\/\/www.reveparisien.com\/de\/actualites\/\" \/>\n<meta property=\"og:locale\" content=\"de_DE\" \/>\n<meta property=\"og:type\" content=\"article\" \/>\n<meta property=\"og:title\" content=\"Actualit\u00e9s - R\u00eave Parisien\" \/>\n<meta property=\"og:description\" content=\"Chroniques photographiques Je partage ici mes exp\u00e9riences, mes inspirations et ma vision de la photographie. Des r\u00e9cits de s\u00e9ances, des conseils techniques et des r\u00e9flexions sur mon m\u00e9tier. Uncategorized Tous les articles Offrez-vous des images qui vous ressemblent vraiment. \u00c9changeons sur votre projet. ME CONTACTER\" \/>\n<meta property=\"og:url\" content=\"https:\/\/www.reveparisien.com\/de\/actualites\/\" \/>\n<meta property=\"og:site_name\" content=\"R\u00eave Parisien\" \/>\n<meta property=\"article:modified_time\" content=\"2025-12-02T13:52:51+00:00\" \/>\n<meta name=\"twitter:card\" content=\"summary_large_image\" \/>\n<script type=\"application\/ld+json\" class=\"yoast-schema-graph\">{\"@context\":\"https:\\\/\\\/schema.org\",\"@graph\":[{\"@type\":\"WebPage\",\"@id\":\"https:\\\/\\\/www.reveparisien.com\\\/actualites\\\/\",\"url\":\"https:\\\/\\\/www.reveparisien.com\\\/actualites\\\/\",\"name\":\"Actualit\u00e9s - R\u00eave Parisien\",\"isPartOf\":{\"@id\":\"https:\\\/\\\/www.reveparisien.com\\\/#website\"},\"datePublished\":\"2025-12-02T13:52:15+00:00\",\"dateModified\":\"2025-12-02T13:52:51+00:00\",\"breadcrumb\":{\"@id\":\"https:\\\/\\\/www.reveparisien.com\\\/actualites\\\/#breadcrumb\"},\"inLanguage\":\"de\",\"potentialAction\":[{\"@type\":\"ReadAction\",\"target\":[\"https:\\\/\\\/www.reveparisien.com\\\/actualites\\\/\"]}]},{\"@type\":\"BreadcrumbList\",\"@id\":\"https:\\\/\\\/www.reveparisien.com\\\/actualites\\\/#breadcrumb\",\"itemListElement\":[{\"@type\":\"ListItem\",\"position\":1,\"name\":\"Accueil\",\"item\":\"https:\\\/\\\/www.reveparisien.com\\\/\"},{\"@type\":\"ListItem\",\"position\":2,\"name\":\"Actualit\u00e9s\"}]},{\"@type\":\"WebSite\",\"@id\":\"https:\\\/\\\/www.reveparisien.com\\\/#website\",\"url\":\"https:\\\/\\\/www.reveparisien.com\\\/\",\"name\":\"R\u00eave Parisien\",\"description\":\"La Ville Lumi\u00e8re comme vous l&#039;avez toujours r\u00eav\u00e9e\",\"publisher\":{\"@id\":\"https:\\\/\\\/www.reveparisien.com\\\/#organization\"},\"potentialAction\":[{\"@type\":\"SearchAction\",\"target\":{\"@type\":\"EntryPoint\",\"urlTemplate\":\"https:\\\/\\\/www.reveparisien.com\\\/?s={search_term_string}\"},\"query-input\":{\"@type\":\"PropertyValueSpecification\",\"valueRequired\":true,\"valueName\":\"search_term_string\"}}],\"inLanguage\":\"de\"},{\"@type\":\"Organization\",\"@id\":\"https:\\\/\\\/www.reveparisien.com\\\/#organization\",\"name\":\"R\u00eave Parisien\",\"url\":\"https:\\\/\\\/www.reveparisien.com\\\/\",\"logo\":{\"@type\":\"ImageObject\",\"inLanguage\":\"de\",\"@id\":\"https:\\\/\\\/www.reveparisien.com\\\/#\\\/schema\\\/logo\\\/image\\\/\",\"url\":\"https:\\\/\\\/www.reveparisien.com\\\/wp-content\\\/uploads\\\/2023\\\/01\\\/Logo-Reve-Parisien.png\",\"contentUrl\":\"https:\\\/\\\/www.reveparisien.com\\\/wp-content\\\/uploads\\\/2023\\\/01\\\/Logo-Reve-Parisien.png\",\"width\":2207,\"height\":2204,\"caption\":\"R\u00eave Parisien\"},\"image\":{\"@id\":\"https:\\\/\\\/www.reveparisien.com\\\/#\\\/schema\\\/logo\\\/image\\\/\"}}]}<\/script>\n<!-- \/ Yoast SEO plugin. -->","yoast_head_json":{"title":"Actualit\u00e9s - R\u00eave Parisien","robots":{"index":"index","follow":"follow","max-snippet":"max-snippet:-1","max-image-preview":"max-image-preview:large","max-video-preview":"max-video-preview:-1"},"canonical":"https:\/\/www.reveparisien.com\/de\/actualites\/","og_locale":"de_DE","og_type":"article","og_title":"Actualit\u00e9s - R\u00eave Parisien","og_description":"Chroniques photographiques Je partage ici mes exp\u00e9riences, mes inspirations et ma vision de la photographie. Des r\u00e9cits de s\u00e9ances, des conseils techniques et des r\u00e9flexions sur mon m\u00e9tier. Uncategorized Tous les articles Offrez-vous des images qui vous ressemblent vraiment. \u00c9changeons sur votre projet. ME CONTACTER","og_url":"https:\/\/www.reveparisien.com\/de\/actualites\/","og_site_name":"R\u00eave Parisien","article_modified_time":"2025-12-02T13:52:51+00:00","twitter_card":"summary_large_image","schema":{"@context":"https:\/\/schema.org","@graph":[{"@type":"WebPage","@id":"https:\/\/www.reveparisien.com\/actualites\/","url":"https:\/\/www.reveparisien.com\/actualites\/","name":"Actualit\u00e9s - R\u00eave Parisien","isPartOf":{"@id":"https:\/\/www.reveparisien.com\/#website"},"datePublished":"2025-12-02T13:52:15+00:00","dateModified":"2025-12-02T13:52:51+00:00","breadcrumb":{"@id":"https:\/\/www.reveparisien.com\/actualites\/#breadcrumb"},"inLanguage":"de","potentialAction":[{"@type":"ReadAction","target":["https:\/\/www.reveparisien.com\/actualites\/"]}]},{"@type":"BreadcrumbList","@id":"https:\/\/www.reveparisien.com\/actualites\/#breadcrumb","itemListElement":[{"@type":"ListItem","position":1,"name":"Accueil","item":"https:\/\/www.reveparisien.com\/"},{"@type":"ListItem","position":2,"name":"Actualit\u00e9s"}]},{"@type":"WebSite","@id":"https:\/\/www.reveparisien.com\/#website","url":"https:\/\/www.reveparisien.com\/","name":"R\u00eave Parisien","description":"La Ville Lumi\u00e8re comme vous l&#039;avez toujours r\u00eav\u00e9e","publisher":{"@id":"https:\/\/www.reveparisien.com\/#organization"},"potentialAction":[{"@type":"SearchAction","target":{"@type":"EntryPoint","urlTemplate":"https:\/\/www.reveparisien.com\/?s={search_term_string}"},"query-input":{"@type":"PropertyValueSpecification","valueRequired":true,"valueName":"search_term_string"}}],"inLanguage":"de"},{"@type":"Organization","@id":"https:\/\/www.reveparisien.com\/#organization","name":"R\u00eave Parisien","url":"https:\/\/www.reveparisien.com\/","logo":{"@type":"ImageObject","inLanguage":"de","@id":"https:\/\/www.reveparisien.com\/#\/schema\/logo\/image\/","url":"https:\/\/www.reveparisien.com\/wp-content\/uploads\/2023\/01\/Logo-Reve-Parisien.png","contentUrl":"https:\/\/www.reveparisien.com\/wp-content\/uploads\/2023\/01\/Logo-Reve-Parisien.png","width":2207,"height":2204,"caption":"R\u00eave Parisien"},"image":{"@id":"https:\/\/www.reveparisien.com\/#\/schema\/logo\/image\/"}}]}},"_links":{"self":[{"href":"https:\/\/www.reveparisien.com\/de\/wp-json\/wp\/v2\/pages\/117","targetHints":{"allow":["GET"]}}],"collection":[{"href":"https:\/\/www.reveparisien.com\/de\/wp-json\/wp\/v2\/pages"}],"about":[{"href":"https:\/\/www.reveparisien.com\/de\/wp-json\/wp\/v2\/types\/page"}],"author":[{"embeddable":true,"href":"https:\/\/www.reveparisien.com\/de\/wp-json\/wp\/v2\/users\/1"}],"replies":[{"embeddable":true,"href":"https:\/\/www.reveparisien.com\/de\/wp-json\/wp\/v2\/comments?post=117"}],"version-history":[{"count":5,"href":"https:\/\/www.reveparisien.com\/de\/wp-json\/wp\/v2\/pages\/117\/revisions"}],"predecessor-version":[{"id":124,"href":"https:\/\/www.reveparisien.com\/de\/wp-json\/wp\/v2\/pages\/117\/revisions\/124"}],"wp:attachment":[{"href":"https:\/\/www.reveparisien.com\/de\/wp-json\/wp\/v2\/media?parent=117"}],"curies":[{"name":"wp","href":"https:\/\/api.w.org\/{rel}","templated":true}]}}